{"id":2827,"date":"2026-01-28T12:03:03","date_gmt":"2026-01-28T12:03:03","guid":{"rendered":"https:\/\/cede.eu\/?post_type=product&#038;p=2827"},"modified":"2026-02-17T12:20:32","modified_gmt":"2026-02-17T12:20:32","slug":"s-zedieren-multivit","status":"publish","type":"product","link":"https:\/\/cede.eu\/de\/product\/s-cede-multivit\/","title":{"rendered":"H4 C\u00e9D\u00e9 Multivit"},"template":"","class_list":["post-2827","product","type-product","status-publish","hentry","entry"],"yoast_head":"<!-- This site is optimized with the Yoast SEO plugin v27.1.1 - https:\/\/yoast.com\/product\/yoast-seo-wordpress\/ -->\n<title>H4 C\u00e9D\u00e9 Multivit &#8212; C\u00e9De eggcelent eggfood<\/title>\n<meta name=\"robots\" content=\"index, follow, max-snippet:-1, max-image-preview:large, max-video-preview:-1\" \/>\n<link rel=\"canonical\" href=\"https:\/\/cede.eu\/de\/produkt-5\/s-zedieren-multivit\/\" \/>\n<meta property=\"og:locale\" content=\"de_DE\" \/>\n<meta property=\"og:type\" content=\"article\" \/>\n<meta property=\"og:title\" content=\"H4 C\u00e9D\u00e9 Multivit &#8212; C\u00e9De eggcelent eggfood\" \/>\n<meta property=\"og:url\" content=\"https:\/\/cede.eu\/de\/produkt-5\/s-zedieren-multivit\/\" \/>\n<meta property=\"og:site_name\" content=\"C\u00e9De eggcelent eggfood\" \/>\n<meta property=\"article:modified_time\" content=\"2026-02-17T12:20:32+00:00\" \/>\n<meta name=\"twitter:card\" content=\"summary_large_image\" \/>\n<script type=\"application\/ld+json\" class=\"yoast-schema-graph\">{\"@context\":\"https:\/\/schema.org\",\"@graph\":[{\"@type\":\"WebPage\",\"@id\":\"https:\/\/cede.eu\/nl\/product\/s-cede-multivit\/\",\"url\":\"https:\/\/cede.eu\/nl\/product\/s-cede-multivit\/\",\"name\":\"H4 C\u00e9D\u00e9 Multivit &#8212; C\u00e9De eggcelent eggfood\",\"isPartOf\":{\"@id\":\"https:\/\/cede.eu\/#website\"},\"datePublished\":\"2026-01-28T12:03:03+00:00\",\"dateModified\":\"2026-02-17T12:20:32+00:00\",\"breadcrumb\":{\"@id\":\"https:\/\/cede.eu\/nl\/product\/s-cede-multivit\/#breadcrumb\"},\"inLanguage\":\"de\",\"potentialAction\":[{\"@type\":\"ReadAction\",\"target\":[\"https:\/\/cede.eu\/nl\/product\/s-cede-multivit\/\"]}]},{\"@type\":\"BreadcrumbList\",\"@id\":\"https:\/\/cede.eu\/nl\/product\/s-cede-multivit\/#breadcrumb\",\"itemListElement\":[{\"@type\":\"ListItem\",\"position\":1,\"name\":\"Home\",\"item\":\"https:\/\/cede.eu\/\"},{\"@type\":\"ListItem\",\"position\":2,\"name\":\"H4 C\u00e9D\u00e9 Multivit\"}]},{\"@type\":\"WebSite\",\"@id\":\"https:\/\/cede.eu\/#website\",\"url\":\"https:\/\/cede.eu\/\",\"name\":\"C\u00e9D\u00e9 \u2013 Eggcellent egg food\",\"description\":\"\",\"publisher\":{\"@id\":\"https:\/\/cede.eu\/#organization\"},\"alternateName\":\"C\u00e9D\u00e9\",\"potentialAction\":[{\"@type\":\"SearchAction\",\"target\":{\"@type\":\"EntryPoint\",\"urlTemplate\":\"https:\/\/cede.eu\/?s={search_term_string}\"},\"query-input\":{\"@type\":\"PropertyValueSpecification\",\"valueRequired\":true,\"valueName\":\"search_term_string\"}}],\"inLanguage\":\"de\"},{\"@type\":\"Organization\",\"@id\":\"https:\/\/cede.eu\/#organization\",\"name\":\"C\u00e9D\u00e9 \u2013 Eggcellent egg food\",\"url\":\"https:\/\/cede.eu\/\",\"logo\":{\"@type\":\"ImageObject\",\"inLanguage\":\"de\",\"@id\":\"https:\/\/cede.eu\/#\/schema\/logo\/image\/\",\"url\":\"https:\/\/cede.eu\/wp-content\/uploads\/2023\/01\/CeDe_Logo.png\",\"contentUrl\":\"https:\/\/cede.eu\/wp-content\/uploads\/2023\/01\/CeDe_Logo.png\",\"width\":633,\"height\":463,\"caption\":\"C\u00e9D\u00e9 \u2013 Eggcellent egg food\"},\"image\":{\"@id\":\"https:\/\/cede.eu\/#\/schema\/logo\/image\/\"}}]}<\/script>\n<!-- \/ Yoast SEO plugin. -->","yoast_head_json":{"title":"H4 C\u00e9D\u00e9 Multivit - C\u00e9De eggcelent Eiernahrung","robots":{"index":"index","follow":"follow","max-snippet":"max-snippet:-1","max-image-preview":"max-image-preview:large","max-video-preview":"max-video-preview:-1"},"canonical":"https:\/\/cede.eu\/de\/produkt-5\/s-zedieren-multivit\/","og_locale":"de_DE","og_type":"article","og_title":"H4 C\u00e9D\u00e9 Multivit &#8212; C\u00e9De eggcelent eggfood","og_url":"https:\/\/cede.eu\/de\/produkt-5\/s-zedieren-multivit\/","og_site_name":"C\u00e9De eggcelent eggfood","article_modified_time":"2026-02-17T12:20:32+00:00","twitter_card":"summary_large_image","schema":{"@context":"https:\/\/schema.org","@graph":[{"@type":"WebPage","@id":"https:\/\/cede.eu\/nl\/product\/s-cede-multivit\/","url":"https:\/\/cede.eu\/nl\/product\/s-cede-multivit\/","name":"H4 C\u00e9D\u00e9 Multivit - C\u00e9De eggcelent Eiernahrung","isPartOf":{"@id":"https:\/\/cede.eu\/#website"},"datePublished":"2026-01-28T12:03:03+00:00","dateModified":"2026-02-17T12:20:32+00:00","breadcrumb":{"@id":"https:\/\/cede.eu\/nl\/product\/s-cede-multivit\/#breadcrumb"},"inLanguage":"de","potentialAction":[{"@type":"ReadAction","target":["https:\/\/cede.eu\/nl\/product\/s-cede-multivit\/"]}]},{"@type":"BreadcrumbList","@id":"https:\/\/cede.eu\/nl\/product\/s-cede-multivit\/#breadcrumb","itemListElement":[{"@type":"ListItem","position":1,"name":"Home","item":"https:\/\/cede.eu\/"},{"@type":"ListItem","position":2,"name":"H4 C\u00e9D\u00e9 Multivit"}]},{"@type":"WebSite","@id":"https:\/\/cede.eu\/#website","url":"https:\/\/cede.eu\/","name":"C\u00e9D\u00e9 - Eggcellent egg food","description":"","publisher":{"@id":"https:\/\/cede.eu\/#organization"},"alternateName":"C\u00e9D\u00e9","potentialAction":[{"@type":"SearchAction","target":{"@type":"EntryPoint","urlTemplate":"https:\/\/cede.eu\/?s={search_term_string}"},"query-input":{"@type":"PropertyValueSpecification","valueRequired":true,"valueName":"search_term_string"}}],"inLanguage":"de"},{"@type":"Organization","@id":"https:\/\/cede.eu\/#organization","name":"C\u00e9D\u00e9 - Eggcellent egg food","url":"https:\/\/cede.eu\/","logo":{"@type":"ImageObject","inLanguage":"de","@id":"https:\/\/cede.eu\/#\/schema\/logo\/image\/","url":"https:\/\/cede.eu\/wp-content\/uploads\/2023\/01\/CeDe_Logo.png","contentUrl":"https:\/\/cede.eu\/wp-content\/uploads\/2023\/01\/CeDe_Logo.png","width":633,"height":463,"caption":"C\u00e9D\u00e9 \u2013 Eggcellent egg food"},"image":{"@id":"https:\/\/cede.eu\/#\/schema\/logo\/image\/"}}]}},"_links":{"self":[{"href":"https:\/\/cede.eu\/de\/wp-json\/wp\/v2\/product\/2827","targetHints":{"allow":["GET"]}}],"collection":[{"href":"https:\/\/cede.eu\/de\/wp-json\/wp\/v2\/product"}],"about":[{"href":"https:\/\/cede.eu\/de\/wp-json\/wp\/v2\/types\/product"}],"wp:attachment":[{"href":"https:\/\/cede.eu\/de\/wp-json\/wp\/v2\/media?parent=2827"}],"curies":[{"name":"wp","href":"https:\/\/api.w.org\/{rel}","templated":true}]}}